{"id":567,"date":"2021-03-19T14:35:58","date_gmt":"2021-03-19T14:35:58","guid":{"rendered":"https:\/\/frankfurt-bleib-gesund.de\/?page_id=567"},"modified":"2023-08-31T05:31:22","modified_gmt":"2023-08-31T05:31:22","slug":"datenschutz","status":"publish","type":"page","link":"https:\/\/frankfurt-bleib-gesund.de\/index.php\/datenschutz\/","title":{"rendered":"Datenschutz"},"content":{"rendered":"<p>[et_pb_section fb_built=&#8221;1&#8243; admin_label=&#8221;Hero&#8221; _builder_version=&#8221;4.16&#8243; background_color=&#8221;RGBA(0,0,0,0)&#8221; background_image=&#8221;https:\/\/frankfurt-bleib-gesund.de\/wp-content\/uploads\/2021\/03\/FBG_Banner-1920&#215;920-.png&#8221; custom_padding=&#8221;|||&#8221; animation_style=&#8221;zoom&#8221; animation_intensity_zoom=&#8221;4%&#8221; global_colors_info=&#8221;{%22gcid-7c31ac62-c418-4da6-9194-8ce4ae2ab435%22:%91%93}&#8221;][et_pb_row _builder_version=&#8221;4.16&#8243; background_size=&#8221;initial&#8221; background_position=&#8221;top_left&#8221; background_repeat=&#8221;repeat&#8221; custom_padding=&#8221;|||&#8221; animation_style=&#8221;slide&#8221; animation_direction=&#8221;top&#8221; animation_intensity_slide=&#8221;3%&#8221; global_colors_info=&#8221;{}&#8221;][et_pb_column type=&#8221;4_4&#8243; _builder_version=&#8221;4.16&#8243; custom_padding=&#8221;|||&#8221; global_colors_info=&#8221;{}&#8221; custom_padding__hover=&#8221;|||&#8221;][et_pb_text _builder_version=&#8221;4.16&#8243; text_font=&#8221;Montserrat|500||on|||||&#8221; text_text_color=&#8221;#353740&#8243; text_font_size=&#8221;16px&#8221; text_letter_spacing=&#8221;3px&#8221; background_size=&#8221;initial&#8221; background_position=&#8221;top_left&#8221; background_repeat=&#8221;repeat&#8221; custom_margin=&#8221;||48px|||&#8221; animation_style=&#8221;slide&#8221; animation_direction=&#8221;bottom&#8221; locked=&#8221;off&#8221; global_colors_info=&#8221;{}&#8221;][\/et_pb_text][et_pb_text _builder_version=&#8221;4.16&#8243; _module_preset=&#8221;default&#8221; header_text_color=&#8221;gcid-7c31ac62-c418-4da6-9194-8ce4ae2ab435&#8243; header_font_size=&#8221;80px&#8221; global_colors_info=&#8221;{%22gcid-7c31ac62-c418-4da6-9194-8ce4ae2ab435%22:%91%22header_text_color%22%93}&#8221;]<\/p>\n<h1>Datenschutz<\/h1>\n<p>[\/et_pb_text][\/et_pb_column][\/et_pb_row][\/et_pb_section][et_pb_section fb_built=&#8221;1&#8243; admin_label=&#8221;Case Study Text&#8221; _builder_version=&#8221;4.16&#8243; custom_margin=&#8221;|||&#8221; custom_padding=&#8221;110px||30px|&#8221; global_colors_info=&#8221;{}&#8221;][et_pb_row _builder_version=&#8221;4.16&#8243; background_size=&#8221;initial&#8221; background_position=&#8221;top_left&#8221; background_repeat=&#8221;repeat&#8221; animation_style=&#8221;fade&#8221; global_colors_info=&#8221;{}&#8221;][et_pb_column type=&#8221;4_4&#8243; _builder_version=&#8221;4.16&#8243; custom_padding=&#8221;|||&#8221; global_colors_info=&#8221;{}&#8221; custom_padding__hover=&#8221;|||&#8221;][et_pb_text _builder_version=&#8221;4.22.1&#8243; text_font=&#8221;||||||||&#8221; text_text_color=&#8221;#353740&#8243; text_line_height=&#8221;1.8em&#8221; background_size=&#8221;initial&#8221; background_position=&#8221;top_left&#8221; background_repeat=&#8221;repeat&#8221; animation_style=&#8221;flip&#8221; animation_intensity_flip=&#8221;20%&#8221; hover_enabled=&#8221;0&#8243; global_colors_info=&#8221;{}&#8221; sticky_enabled=&#8221;0&#8243;]<\/p>\n<p>Herzlich willkommen auf der Webseite der Stabsstelle Unterbringungsmanagement und Gefl\u00fcchtete der Stadt Frankfurt am Main (<a href=\"www.frankfurt-bleib-gesund.de\">www.frankfurt-bleib-gesund.de<\/a>). Wir m\u00f6chten Sie informieren, welche Daten wir w\u00e4hrend Ihres Besuchs auf unserer Website zu welchen Zwecken erheben, verarbeiten und speichern. Ihre Daten werden von uns insbesondere auf Basis der EU Datenschutz-Grundverordnung (DS-GVO), des Hessischen Datenschutz- und Informationsfreiheitsgesetzes (HDSIG) und des Gesetzes \u00fcber den Datenschutz und den Schutz der Privatsph\u00e4re in der Telekommunikation und bei Telemedien (Telekommunikation-Telemedien-Datenschutz-Gesetz \u2013 TTDSG) verarbeitet. Dem Schutz ihrer pers\u00f6nlichen Daten (hier: personenbezogene Daten) kommt dabei eine besondere Bedeutung zu.<\/p>\n<p><strong>1. Verantwortliche_r<\/strong><\/p>\n<p>Stadt Frankfurt am Main<br \/>DER MAGISTRAT<br \/>Stabsstelle Unterbringungsmanagement und Gefl\u00fcchtete<br \/>Bleichstra\u00dfe 52<br \/>60313 Frankfurt am Main<br \/>E-Mail: <a href=\"mailto:sum@frankfurt.de\">sum@frankfurt.de<\/a><\/p>\n<p>Telefon: +49 (0)69 212 \u2013 77939<\/p>\n<p>Website: <a href=\"www.frankfurt.de\">www.frankfurt.de<\/a><br \/>USt-ID: DE 114 110 388<\/p>\n<p>Kontakt bei Fragen: <a href=\"mailto:info@frankfurt-bleib-gesund.de\">info@frankfurt-bleib-gesund.de<\/a><\/p>\n<p><strong>2. Datenschutzbeauftragte_r<\/strong><\/p>\n<p>Stadt Frankfurt am Main<br \/>DER MAGISTRAT<br \/>Referat Datenschutz und Informationssicherheit<br \/>Sandgasse 6<br \/>D-60311 Frankfurt am Main<br \/>E-Mail: <a href=\"mailto:datenschutz@stadt-frankfurt.de\">datenschutz@stadt-frankfurt.de<\/a><\/p>\n<p>&nbsp;<\/p>\n<p><strong>3. Zweckbestimmung und Rechtsgrundlage der Datenverarbeitung<\/strong><\/p>\n<p><strong>a. Zweckbestimmung<\/strong><\/p>\n<p>Im Rahmen des Informationsaustausches mit den Unterk\u00fcnften f\u00fcr Gefl\u00fcchtete und deren Bewohner_innen der Stabsstelle Unterbringungsmanagement und Gefl\u00fcchtete informieren wir auf der Seite <a href=\"www.frankfurt-bleib-gesund.de\">www.frankfurt-bleib-gesund.de<\/a>. Die Seite beinhaltet somit Informationen zu verschiedenen Inhalten.<\/p>\n<p>F\u00fcr die Darstellung der Seite, ist es erforderlich Daten der Nutzenden zu verarbeiten.<\/p>\n<p><strong>b. Art der Daten<\/strong><\/p>\n<p>Wir verwenden hierzu Cookies, die f\u00fcr die Darstellung der Seite maximal 13 Monaten gespeichert und dann gel\u00f6scht werden.<\/p>\n<p>Im Einzelnen sind dies: IP-Adresse, Browsertyp und -version, verwendetes Betriebssystem, Ger\u00e4tetyp, -modell und -marke, Bildschirmaufl\u00f6sung, die von Ihrem Ger\u00e4t genutzte Suchmaschine, die bei uns besuchten Webseiten inklusive Verweildauer, Suchbegriffe und Schlagw\u00f6rter, den Tag und die Uhrzeit Ihres Besuchs, den Ort Ihres Besuchs (Kontinent, Land, Region, Stadt) sowie die Browsersprache<\/p>\n<p>Bei Kontaktaufnahme z.B. via E-Mail werden die von Ihnen zur Verf\u00fcgung gestellten Daten (wie z.B. E-Mailadresse) verarbeitet und gespeichert.<\/p>\n<p><strong>c. Rechtsgrundlage f\u00fcr die Verarbeitung personenbezogener Daten<\/strong><\/p>\n<p>Die Daten die zur Darstellung der Webseite n\u00f6tig sind werden nach Art. 6 Abs.1 lit. f DS-GVO verarbeitet.<\/p>\n<p>Weitere Cookies (die statistische Auswertung und die Nutzung des Google-\u00dcbersetzers) werden nach Art. 6 Abs. 1 lit. a DS-GVO, Ihrem Einverst\u00e4ndnis, verarbeitet.<\/p>\n<p>Wenn Sie die Kontaktm\u00f6glichkeit via Email oder Telefon nutzen, verarbeiten wir Ihre \u00fcbermittelten Daten in der Regel f\u00fcr die Erf\u00fcllung einer gesetzlichen Aufgabe, Art. 6 Abs. 1 lit. e DS-GVO in Verbindung mit \u00a7 3 Abs. 1 HDSIG.<\/p>\n<p><strong>4. Allgemeine Informationen zu Cookies<\/strong><\/p>\n<p>Bei Cookies handelt es sich um Textdateien, die im Internetbrowser bzw. vom Internetbrowser auf dem Computersystem des Nutzers gespeichert werden. Ruft ein Nutzer eine Website auf, so kann ein Cookie auf dem Betriebssystem des Nutzers gespeichert werden. Dieses Cookie enth\u00e4lt eine charakteristische Zeichenfolge, die z.B. eine eindeutige Identifizierung des Browsers beim erneuten Aufrufen der Website erm\u00f6glicht.<\/p>\n<p>Sie k\u00f6nnen Ihren Browser so einstellen, dass Sie \u00fcber das Setzen von Cookies informiert werden und Cookies nur im Einzelfall erlauben, die Annahme von Cookies f\u00fcr bestimmte F\u00e4lle oder generell ausschlie\u00dfen sowie das automatische L\u00f6schen der Cookies beim Schlie\u00dfen des Browsers aktivieren. Bei der Deaktivierung von Cookies kann die Funktionalit\u00e4t dieser Website eingeschr\u00e4nkt sein.<\/p>\n<p><strong>a. Protokoll-Daten zur statistischen Auswertung der Nutzung der Website<\/strong><\/p>\n<p>Zur statistischen Auswertung von <a href=\"www.frankfurt-bleib-gesund.de\">www.frankfurt-bleib-gesund.de<\/a> verwenden wir die Open-Source-Software Matomo (vormals Piwik). Die Software verwendet ebenfalls Cookies. Matomo speichert darin die IP-Adressen in anonymisierter Form. Die Anonymisierung erfolgt durch K\u00fcrzung der IP-Adresse um die letzten Oktette entsprechend den Beschl\u00fcssen der Datenschutzkonferenz der Datenschutzaufsichtsbeh\u00f6rden von Bund und L\u00e4ndern (DSK). Damit sind keine R\u00fcckschl\u00fcsse auf eine Internetbesucherin oder einen -besucher m\u00f6glich. Matomo erfasst auch bestimmte technische Informationen anhand der von Ihrem Browser \u00fcbermittelten Daten. Das sind: Browsertyp und -version, verwendetes Betriebssystem, Ger\u00e4tetyp, -modell und -marke, Bildschirmaufl\u00f6sung, die von Ihrem Ger\u00e4t genutzte Suchmaschine, die bei uns besuchten Webseiten inklusive Verweildauer, Suchbegriffe und Schlagw\u00f6rter, den Tag und die Uhrzeit Ihres Besuchs, den Ort Ihres Besuchs (Kontinent, Land, Region, Stadt) sowie die Browsersprache. Diese Informationen werten wir nur zu statistischen Zwecken aus. Die Daten werden nicht an Dritte weitergegeben.<\/p>\n<p>In den Cookie-Einstellungen Ihres Browsers finden Sie diesen unter dem Namen: \u201ePiwik Analytics Cookie\u201c.<br \/>Sofern Sie die statistische Nutzung Ihrer Daten nicht w\u00fcnschen, deaktivieren Sie bitte dieses Cookie in den Cookie-Einstellungen<\/p>\n<p>Das Tracking ist bei Ihnen derzeit nicht aktiv, denn Ihr Browser hat uns mitgeteilt, dass Sie kein Tracking w\u00fcnschen. Hierbei handelt es sich um eine Browsereinstellung. Um das Tracking wieder zu aktivieren, m\u00fcssen Sie die sogenannte &#8220;Do Not Track&#8221;-Einstellung in Ihren Browsereinstellungen deaktivieren.<\/p>\n<p>Die Datenschutzerkl\u00e4rung von Matomo ist unter folgendem Link abrufbar:<br \/><a href=\"https:\/\/matomo.org\/privacy-policy\/\">https:\/\/matomo.org\/privacy-policy\/<\/a><\/p>\n<p><strong>5. Speicherdauer<\/strong><\/p>\n<p>Die Daten werden gel\u00f6scht, sobald sie f\u00fcr die Erreichung des Zweckes ihrer Erhebung nicht mehr erforderlich sind.<\/p>\n<p>Die Cookies werden nach sp\u00e4testens 13 Monaten gel\u00f6scht oder bis Sie diese selbst l\u00f6schen bzw. eine automatische L\u00f6schung durch Ihren Webbrowser erfolgt.<\/p>\n<p>Bei Kontaktaufnahme werden Ihre Kontaktdaten solange gespeichert wie es zur Beantwortung Ihres Anliegens bzw. zur Erf\u00fcllung unserer Aufgaben erforderlich ist.<\/p>\n<p>Wir weisen darauf hin, dass Daten, die an YouTube und Google mit Ihrem Einverst\u00e4ndnis (beim Akzeptieren der entsprechenden Cookies) weitergeleitet werden und wir keinen Einfluss auf die Verwendung oder L\u00f6schung haben.<\/p>\n<p><strong>6. Ihre Rechte als Betroffene_r<\/strong><\/p>\n<p><strong>Auskunft<\/strong><br \/>Sie k\u00f6nnen Auskunft nach Art. 15 DS-GVO \u00fcber Ihre personenbezogenen Daten verlangen, die wir verarbeiten.<br \/>Berichtigung<br \/>Sollten die Sie betreffenden Angaben nicht (mehr) zutreffend sein, k\u00f6nnen Sie nach Art. 16 DS-GVO eine Berichtigung verlangen. Sollten Ihre Daten unvollst\u00e4ndig sein, k\u00f6nnen Sie eine Vervollst\u00e4ndigung verlangen.<br \/><strong>L\u00f6schung<\/strong><br \/>Sie k\u00f6nnen nach Art. 17 DS-GVO die L\u00f6schung Ihrer personenbezogenen Daten verlangen, wenn die Voraussetzungen hierf\u00fcr vorliegen.<br \/>Einschr\u00e4nkung der Verarbeitung<br \/>Sie haben nach Art. 18 DS-GVO das Recht, eine Einschr\u00e4nkung der Verarbeitung Ihrer personenbezogenen Daten zu verlangen, wenn die Voraussetzungen hierf\u00fcr vorliegen.<br \/><strong>Widerspruch<\/strong><br \/>Sie haben das Recht auf Widerspruch nach Art. 21 DS-GVO und k\u00f6nnen die Nutzung der Daten unterbinden lassen. Wir weisen vorsorglich darauf hin, dass unsere Services in diesem Fall eingeschr\u00e4nkt bzw. nicht mehr nutzbar sind.<br \/><strong>Beschwerde<\/strong><br \/>Wenn Sie der Ansicht sind, dass die Verarbeitung Ihrer personenbezogenen Daten gegen Datenschutzrecht verst\u00f6\u00dft, haben Sie nach Art. 77 Abs. 1 DS-GVO das Recht, sich bei einer Datenschutzaufsichtsbeh\u00f6rde eigener Wahl zu beschweren. Hierzu geh\u00f6rt auch die f\u00fcr den Verantwortlichen zust\u00e4ndige Datenschutzaufsichtsbeh\u00f6rde:<br \/>Der Hessische Beauftragte f\u00fcr Datenschutz und Informationsfreiheit<br \/>Postfach 3163<br \/>65021 Wiesbaden<br \/>0611\/1408-0<br \/><a href=\"mailto:poststelle@datenschutz.hessen.de\">poststelle@datenschutz.hessen.de<\/a><\/p>\n<p><strong style=\"font-size: 18px;\">Impressum:<\/strong><\/p>\n<p>Das Impressum finden Sie <a href=\"https:\/\/frankfurt-bleib-gesund.de\/index.php\/impressum-2\/\">hier<\/a>.<\/p>\n<p><strong>Nutzungsbedingungen:<\/strong><br \/>Informationen zu den Nutzungsbedingungen finden Sie\u00a0 <a href=\"https:\/\/frankfurt-bleib-gesund.de\/index.php\/nutzungsbedingungen\/?et_fb=1&amp;PageSpeed=off\">hier<\/a>.<\/p>\n<p>&nbsp;<\/p>\n<p>[\/et_pb_text][\/et_pb_column][\/et_pb_row][\/et_pb_section]<\/p>\n","protected":false},"excerpt":{"rendered":"<p>DatenschutzHerzlich willkommen auf der Webseite der Stabsstelle Unterbringungsmanagement und Gefl\u00fcchtete der Stadt Frankfurt am Main (www.frankfurt-bleib-gesund.de). Wir m\u00f6chten Sie informieren, welche Daten wir w\u00e4hrend Ihres Besuchs auf unserer Website zu welchen Zwecken erheben, verarbeiten und speichern. Ihre Daten werden von uns insbesondere auf Basis der EU Datenschutz-Grundverordnung (DS-GVO), des Hessischen Datenschutz- und Informationsfreiheitsgesetzes (HDSIG) und [&hellip;]<\/p>\n","protected":false},"author":2,"featured_media":0,"parent":0,"menu_order":0,"comment_status":"closed","ping_status":"closed","template":"","meta":{"_et_pb_use_builder":"on","_et_pb_old_content":"","_et_gb_content_width":"","footnotes":""},"class_list":["post-567","page","type-page","status-publish","hentry"],"_links":{"self":[{"href":"https:\/\/frankfurt-bleib-gesund.de\/index.php\/wp-json\/wp\/v2\/pages\/567","targetHints":{"allow":["GET"]}}],"collection":[{"href":"https:\/\/frankfurt-bleib-gesund.de\/index.php\/wp-json\/wp\/v2\/pages"}],"about":[{"href":"https:\/\/frankfurt-bleib-gesund.de\/index.php\/wp-json\/wp\/v2\/types\/page"}],"author":[{"embeddable":true,"href":"https:\/\/frankfurt-bleib-gesund.de\/index.php\/wp-json\/wp\/v2\/users\/2"}],"replies":[{"embeddable":true,"href":"https:\/\/frankfurt-bleib-gesund.de\/index.php\/wp-json\/wp\/v2\/comments?post=567"}],"version-history":[{"count":22,"href":"https:\/\/frankfurt-bleib-gesund.de\/index.php\/wp-json\/wp\/v2\/pages\/567\/revisions"}],"predecessor-version":[{"id":2591,"href":"https:\/\/frankfurt-bleib-gesund.de\/index.php\/wp-json\/wp\/v2\/pages\/567\/revisions\/2591"}],"wp:attachment":[{"href":"https:\/\/frankfurt-bleib-gesund.de\/index.php\/wp-json\/wp\/v2\/media?parent=567"}],"curies":[{"name":"wp","href":"https:\/\/api.w.org\/{rel}","templated":true}]}}